{"id":219,"date":"2026-04-23T22:51:35","date_gmt":"2026-04-23T22:51:35","guid":{"rendered":"https:\/\/y\u00f6remix.com\/?page_id=219"},"modified":"2026-04-23T22:58:36","modified_gmt":"2026-04-23T22:58:36","slug":"iletisim","status":"publish","type":"page","link":"https:\/\/y\u00f6remix.com\/?page_id=219","title":{"rendered":"\u0130leti\u015fim"},"content":{"rendered":"\n<p>\u0130LET\u0130\u015e\u0130M<\/p>\n\n\n\n<p>Y\u00f6remix olarak sizinle ileti\u015fimde olmaktan memnuniyet duyar\u0131z.<\/p>\n\n\n\n<p>Sipari\u015f, \u00fcr\u00fcnler ve di\u011fer t\u00fcm konular i\u00e7in bizimle a\u015fa\u011f\u0131daki kanallar \u00fczerinden ileti\u015fime ge\u00e7ebilirsiniz.<\/p>\n\n\n\n<hr class=\"wp-block-separator has-alpha-channel-opacity\"\/>\n\n\n\n<p>WHATSAPP<\/p>\n\n\n\n<p>Sipari\u015f vermek veya bilgi almak i\u00e7in WhatsApp \u00fczerinden bize ula\u015fabilirsiniz:<\/p>\n\n\n\n<p>0552 378 40 22<\/p>\n\n\n\n<hr class=\"wp-block-separator has-alpha-channel-opacity\"\/>\n\n\n\n<p>WEB S\u0130TES\u0130: y\u00f6remix.com<\/p>\n\n\n\n<hr class=\"wp-block-separator has-alpha-channel-opacity\"\/>\n\n\n\n<p>TESL\u0130MAT B\u00d6LGES\u0130<\/p>\n\n\n\n<p>Suru\u00e7 ve \u00e7evresine h\u0131zl\u0131 teslimat yap\u0131lmaktad\u0131r.<\/p>\n\n\n\n<p>\u015eanl\u0131urfa merkez i\u00e7in teslimat durumu sipari\u015fe g\u00f6re de\u011fi\u015febilir.<\/p>\n\n\n\n<hr class=\"wp-block-separator has-alpha-channel-opacity\"\/>\n\n\n\n<p>\u00c7ALI\u015eMA DURUMU<\/p>\n\n\n\n<p>Sipari\u015fleriniz g\u00fcn i\u00e7inde de\u011ferlendirilir ve en k\u0131sa s\u00fcrede d\u00f6n\u00fc\u015f sa\u011flan\u0131r.<\/p>\n\n\n\n<hr class=\"wp-block-separator has-alpha-channel-opacity\"\/>\n\n\n\n<p>Y\u00f6remix<br>Do\u011fall\u0131k Y\u00f6resinden Sofran\u0131za<\/p>\n","protected":false},"excerpt":{"rendered":"<p>\u0130LET\u0130\u015e\u0130M Y\u00f6remix olarak sizinle ileti\u015fimde olmaktan memnuniyet duyar\u0131z. Sipari\u015f, \u00fcr\u00fcnler ve di\u011fer t\u00fcm konular i\u00e7in bizimle a\u015fa\u011f\u0131daki kanallar \u00fczerinden ileti\u015fime [&hellip;]<\/p>\n","protected":false},"author":1,"featured_media":0,"parent":0,"menu_order":0,"comment_status":"closed","ping_status":"closed","template":"","meta":{"site-sidebar-layout":"default","site-content-layout":"","ast-site-content-layout":"default","site-content-style":"default","site-sidebar-style":"default","ast-global-header-display":"","ast-banner-title-visibility":"","ast-main-header-display":"","ast-hfb-above-header-display":"","ast-hfb-below-header-display":"","ast-hfb-mobile-header-display":"","site-post-title":"","ast-breadcrumbs-content":"","ast-featured-img":"","footer-sml-layout":"","ast-disable-related-posts":"","theme-transparent-header-meta":"","adv-header-id-meta":"","stick-header-meta":"","header-above-stick-meta":"","header-main-stick-meta":"","header-below-stick-meta":"","astra-migrate-meta-layouts":"default","ast-page-background-enabled":"default","ast-page-background-meta":{"desktop":{"background-color":"var(--ast-global-color-5)","background-image":"","background-repeat":"repeat","background-position":"center center","background-size":"auto","background-attachment":"scroll","background-type":"","background-media":"","overlay-type":"","overlay-color":"","overlay-opacity":"","overlay-gradient":""},"tablet":{"background-color":"","background-image":"","background-repeat":"repeat","background-position":"center center","background-size":"auto","background-attachment":"scroll","background-type":"","background-media":"","overlay-type":"","overlay-color":"","overlay-opacity":"","overlay-gradient":""},"mobile":{"background-color":"","background-image":"","background-repeat":"repeat","background-position":"center center","background-size":"auto","background-attachment":"scroll","background-type":"","background-media":"","overlay-type":"","overlay-color":"","overlay-opacity":"","overlay-gradient":""}},"ast-content-background-meta":{"desktop":{"background-color":"var(--ast-global-color-4)","background-image":"","background-repeat":"repeat","background-position":"center center","background-size":"auto","background-attachment":"scroll","background-type":"","background-media":"","overlay-type":"","overlay-color":"","overlay-opacity":"","overlay-gradient":""},"tablet":{"background-color":"var(--ast-global-color-4)","background-image":"","background-repeat":"repeat","background-position":"center center","background-size":"auto","background-attachment":"scroll","background-type":"","background-media":"","overlay-type":"","overlay-color":"","overlay-opacity":"","overlay-gradient":""},"mobile":{"background-color":"var(--ast-global-color-4)","background-image":"","background-repeat":"repeat","background-position":"center center","background-size":"auto","background-attachment":"scroll","background-type":"","background-media":"","overlay-type":"","overlay-color":"","overlay-opacity":"","overlay-gradient":""}},"footnotes":""},"class_list":["post-219","page","type-page","status-publish","hentry"],"_links":{"self":[{"href":"https:\/\/y\u00f6remix.com\/index.php?rest_route=\/wp\/v2\/pages\/219","targetHints":{"allow":["GET"]}}],"collection":[{"href":"https:\/\/y\u00f6remix.com\/index.php?rest_route=\/wp\/v2\/pages"}],"about":[{"href":"https:\/\/y\u00f6remix.com\/index.php?rest_route=\/wp\/v2\/types\/page"}],"author":[{"embeddable":true,"href":"https:\/\/y\u00f6remix.com\/index.php?rest_route=\/wp\/v2\/users\/1"}],"replies":[{"embeddable":true,"href":"https:\/\/y\u00f6remix.com\/index.php?rest_route=%2Fwp%2Fv2%2Fcomments&post=219"}],"version-history":[{"count":3,"href":"https:\/\/y\u00f6remix.com\/index.php?rest_route=\/wp\/v2\/pages\/219\/revisions"}],"predecessor-version":[{"id":226,"href":"https:\/\/y\u00f6remix.com\/index.php?rest_route=\/wp\/v2\/pages\/219\/revisions\/226"}],"wp:attachment":[{"href":"https:\/\/y\u00f6remix.com\/index.php?rest_route=%2Fwp%2Fv2%2Fmedia&parent=219"}],"curies":[{"name":"wp","href":"https:\/\/api.w.org\/{rel}","templated":true}]}}