{"id":222,"date":"2026-04-23T22:54:34","date_gmt":"2026-04-23T22:54:34","guid":{"rendered":"https:\/\/y\u00f6remix.com\/?page_id=222"},"modified":"2026-04-23T22:54:34","modified_gmt":"2026-04-23T22:54:34","slug":"sikca-sorulan-sorular","status":"publish","type":"page","link":"https:\/\/y\u00f6remix.com\/?page_id=222","title":{"rendered":"S\u0131k\u00e7a Sorulan Sorular"},"content":{"rendered":"\n<p>SIK\u00c7A SORULAN SORULAR<\/p>\n\n\n\n<ol class=\"wp-block-list\">\n<li>\u00dcr\u00fcnler do\u011fal m\u0131?<\/li>\n<\/ol>\n\n\n\n<p>Evet, Y\u00f6remix \u00fcr\u00fcnleri katk\u0131s\u0131z ve do\u011fal \u00fcretimdir.<\/p>\n\n\n\n<hr class=\"wp-block-separator has-alpha-channel-opacity\"\/>\n\n\n\n<ol start=\"2\" class=\"wp-block-list\">\n<li>\u00d6n sipari\u015f nedir?<\/li>\n<\/ol>\n\n\n\n<p>\u00d6n sipari\u015f, hen\u00fcz hasat edilmemi\u015f veya \u00fcretim a\u015famas\u0131nda olan \u00fcr\u00fcnler i\u00e7in \u00f6nceden sipari\u015f vermenizi sa\u011flar.<\/p>\n\n\n\n<hr class=\"wp-block-separator has-alpha-channel-opacity\"\/>\n\n\n\n<ol start=\"3\" class=\"wp-block-list\">\n<li>Sipari\u015fim ne zaman gelir?<\/li>\n<\/ol>\n\n\n\n<p>Suru\u00e7 i\u00e7i sipari\u015fler genellikle ayn\u0131 g\u00fcn veya ertesi g\u00fcn teslim edilir.<\/p>\n\n\n\n<p>Di\u011fer b\u00f6lgeler i\u00e7in s\u00fcre de\u011fi\u015febilir.<\/p>\n\n\n\n<hr class=\"wp-block-separator has-alpha-channel-opacity\"\/>\n\n\n\n<ol start=\"4\" class=\"wp-block-list\">\n<li>Kargo var m\u0131?<\/li>\n<\/ol>\n\n\n\n<p>\u00dcr\u00fcne ve b\u00f6lgeye g\u00f6re kargo veya teslimat se\u00e7enekleri sunulmaktad\u0131r.<\/p>\n\n\n\n<hr class=\"wp-block-separator has-alpha-channel-opacity\"\/>\n\n\n\n<ol start=\"5\" class=\"wp-block-list\">\n<li>\u00d6deme nas\u0131l yap\u0131l\u0131r?<\/li>\n<\/ol>\n\n\n\n<p>Kredi kart\u0131, banka kart\u0131, havale\/EFT ve WhatsApp \u00fczerinden \u00f6deme se\u00e7enekleri bulunmaktad\u0131r.<\/p>\n\n\n\n<hr class=\"wp-block-separator has-alpha-channel-opacity\"\/>\n\n\n\n<ol start=\"6\" class=\"wp-block-list\">\n<li>\u00dcr\u00fcnler neden farkl\u0131 zamanlarda geliyor?<\/li>\n<\/ol>\n\n\n\n<p>Baz\u0131 \u00fcr\u00fcnler do\u011fal \u00fcretim ve hasat s\u00fcrecine ba\u011fl\u0131 oldu\u011fu i\u00e7in \u00f6n sipari\u015f sistemi ile \u00e7al\u0131\u015fmaktad\u0131r.<\/p>\n\n\n\n<hr class=\"wp-block-separator has-alpha-channel-opacity\"\/>\n\n\n\n<ol start=\"7\" class=\"wp-block-list\">\n<li>\u0130ade var m\u0131?<\/li>\n<\/ol>\n\n\n\n<p>Detayl\u0131 bilgi i\u00e7in \u0130ptal &amp; \u0130ade Politikas\u0131 sayfas\u0131n\u0131 inceleyebilirsiniz.<\/p>\n\n\n\n<hr class=\"wp-block-separator has-alpha-channel-opacity\"\/>\n\n\n\n<p>Y\u00f6remix<\/p>\n","protected":false},"excerpt":{"rendered":"<p>SIK\u00c7A SORULAN SORULAR Evet, Y\u00f6remix \u00fcr\u00fcnleri katk\u0131s\u0131z ve do\u011fal \u00fcretimdir. \u00d6n sipari\u015f, hen\u00fcz hasat edilmemi\u015f veya \u00fcretim a\u015famas\u0131nda olan \u00fcr\u00fcnler [&hellip;]<\/p>\n","protected":false},"author":1,"featured_media":0,"parent":0,"menu_order":0,"comment_status":"closed","ping_status":"closed","template":"","meta":{"site-sidebar-layout":"default","site-content-layout":"","ast-site-content-layout":"default","site-content-style":"default","site-sidebar-style":"default","ast-global-header-display":"","ast-banner-title-visibility":"","ast-main-header-display":"","ast-hfb-above-header-display":"","ast-hfb-below-header-display":"","ast-hfb-mobile-header-display":"","site-post-title":"","ast-breadcrumbs-content":"","ast-featured-img":"","footer-sml-layout":"","ast-disable-related-posts":"","theme-transparent-header-meta":"","adv-header-id-meta":"","stick-header-meta":"","header-above-stick-meta":"","header-main-stick-meta":"","header-below-stick-meta":"","astra-migrate-meta-layouts":"default","ast-page-background-enabled":"default","ast-page-background-meta":{"desktop":{"background-color":"var(--ast-global-color-5)","background-image":"","background-repeat":"repeat","background-position":"center center","background-size":"auto","background-attachment":"scroll","background-type":"","background-media":"","overlay-type":"","overlay-color":"","overlay-opacity":"","overlay-gradient":""},"tablet":{"background-color":"","background-image":"","background-repeat":"repeat","background-position":"center center","background-size":"auto","background-attachment":"scroll","background-type":"","background-media":"","overlay-type":"","overlay-color":"","overlay-opacity":"","overlay-gradient":""},"mobile":{"background-color":"","background-image":"","background-repeat":"repeat","background-position":"center center","background-size":"auto","background-attachment":"scroll","background-type":"","background-media":"","overlay-type":"","overlay-color":"","overlay-opacity":"","overlay-gradient":""}},"ast-content-background-meta":{"desktop":{"background-color":"var(--ast-global-color-4)","background-image":"","background-repeat":"repeat","background-position":"center center","background-size":"auto","background-attachment":"scroll","background-type":"","background-media":"","overlay-type":"","overlay-color":"","overlay-opacity":"","overlay-gradient":""},"tablet":{"background-color":"var(--ast-global-color-4)","background-image":"","background-repeat":"repeat","background-position":"center center","background-size":"auto","background-attachment":"scroll","background-type":"","background-media":"","overlay-type":"","overlay-color":"","overlay-opacity":"","overlay-gradient":""},"mobile":{"background-color":"var(--ast-global-color-4)","background-image":"","background-repeat":"repeat","background-position":"center center","background-size":"auto","background-attachment":"scroll","background-type":"","background-media":"","overlay-type":"","overlay-color":"","overlay-opacity":"","overlay-gradient":""}},"footnotes":""},"class_list":["post-222","page","type-page","status-publish","hentry"],"_links":{"self":[{"href":"https:\/\/y\u00f6remix.com\/index.php?rest_route=\/wp\/v2\/pages\/222","targetHints":{"allow":["GET"]}}],"collection":[{"href":"https:\/\/y\u00f6remix.com\/index.php?rest_route=\/wp\/v2\/pages"}],"about":[{"href":"https:\/\/y\u00f6remix.com\/index.php?rest_route=\/wp\/v2\/types\/page"}],"author":[{"embeddable":true,"href":"https:\/\/y\u00f6remix.com\/index.php?rest_route=\/wp\/v2\/users\/1"}],"replies":[{"embeddable":true,"href":"https:\/\/y\u00f6remix.com\/index.php?rest_route=%2Fwp%2Fv2%2Fcomments&post=222"}],"version-history":[{"count":1,"href":"https:\/\/y\u00f6remix.com\/index.php?rest_route=\/wp\/v2\/pages\/222\/revisions"}],"predecessor-version":[{"id":223,"href":"https:\/\/y\u00f6remix.com\/index.php?rest_route=\/wp\/v2\/pages\/222\/revisions\/223"}],"wp:attachment":[{"href":"https:\/\/y\u00f6remix.com\/index.php?rest_route=%2Fwp%2Fv2%2Fmedia&parent=222"}],"curies":[{"name":"wp","href":"https:\/\/api.w.org\/{rel}","templated":true}]}}